{"id":215,"date":"2026-02-05T20:09:26","date_gmt":"2026-02-06T02:09:26","guid":{"rendered":"https:\/\/corpodynamix.com.mx\/portal\/?post_type=product&#038;p=215"},"modified":"2026-02-05T20:09:26","modified_gmt":"2026-02-06T02:09:26","slug":"web-empresarial","status":"publish","type":"product","link":"https:\/\/corpodynamix.com.mx\/portal\/producto\/web-empresarial\/","title":{"rendered":"Web empresarial"},"content":{"rendered":"<ul>\n<li>Dominio a elegir .com , .com.mx por un a\u00f1o<\/li>\n<li>Hosting premium 50 gb por un a\u00f1o<\/li>\n<li>hasta 20 correos empresariales<\/li>\n<li>hasta 25 p\u00e1ginas web , sin limite de fotos\u00a0 o galerias<\/li>\n<li>Programaci\u00f3n SEO<\/li>\n<li>WhatsApp bot y call number<\/li>\n<li>certificado de seguridad SSL<\/li>\n<li>15 d\u00edas de googos ads , hasta 10 palabras clave<\/li>\n<li>Creacion de google mi negocio y maps<\/li>\n<li>Analytics o stadisticas de su sitio<\/li>\n<li>plugin firewall de y malware<\/li>\n<li>Copia de seguridad mensual.<\/li>\n<\/ul>\n","protected":false},"excerpt":{"rendered":"<ul>\n<li>Dominio a elegir .com , .com.mx por un a\u00f1o<\/li>\n<li>Hosting premium 50 gb por un a\u00f1o<\/li>\n<li>hasta 20 correos empresariales<\/li>\n<li>hasta 25 p\u00e1ginas web , sin limite de fotos\u00a0 o galerias<\/li>\n<li>Programaci\u00f3n SEO<\/li>\n<li>WhatsApp bot y call number<\/li>\n<li>certificado de seguridad SSL<\/li>\n<li>15 d\u00edas de googos ads , hasta 10 palabras clave<\/li>\n<li>Creacion de google mi negocio y maps<\/li>\n<li>Analytics o stadisticas de su sitio<\/li>\n<li>plugin firewall de y malware<\/li>\n<li>Copia de seguridad mensual.<\/li>\n<\/ul>\n<p>&nbsp;<\/p>\n<p>Hasta 20 d\u00edas h\u00e1biles para su terminaci\u00f3n ,<\/p>\n<p>activaci\u00f3n de correos alas 48 horas de la compra<\/p>\n<p>Sitio en mantenimiento mientras se desarrolla con p\u00e1gina cooming Soon con sus datos de contacto y tel\u00e9fono<\/p>\n<p>Acceso o\u00a0 capacitaci\u00f3n de wordpress para su auto administraci\u00f3n<\/p>\n<p>sesion de 2 horas incluida a su personal una vez desarrollado el sitio<\/p>\n","protected":false},"featured_media":107,"template":"","meta":[],"product_brand":[31],"product_cat":[29,34],"product_tag":[35],"class_list":{"0":"post-215","1":"product","2":"type-product","3":"status-publish","4":"has-post-thumbnail","6":"product_brand-corpodynamix","7":"product_cat-paginas","8":"product_cat-publicidad","9":"product_tag-web-empresarial","11":"first","12":"instock","13":"taxable","14":"shipping-taxable","15":"purchasable","16":"product-type-simple"},"_links":{"self":[{"href":"https:\/\/corpodynamix.com.mx\/portal\/wp-json\/wp\/v2\/product\/215","targetHints":{"allow":["GET"]}}],"collection":[{"href":"https:\/\/corpodynamix.com.mx\/portal\/wp-json\/wp\/v2\/product"}],"about":[{"href":"https:\/\/corpodynamix.com.mx\/portal\/wp-json\/wp\/v2\/types\/product"}],"wp:featuredmedia":[{"embeddable":true,"href":"https:\/\/corpodynamix.com.mx\/portal\/wp-json\/wp\/v2\/media\/107"}],"wp:attachment":[{"href":"https:\/\/corpodynamix.com.mx\/portal\/wp-json\/wp\/v2\/media?parent=215"}],"wp:term":[{"taxonomy":"product_brand","embeddable":true,"href":"https:\/\/corpodynamix.com.mx\/portal\/wp-json\/wp\/v2\/product_brand?post=215"},{"taxonomy":"product_cat","embeddable":true,"href":"https:\/\/corpodynamix.com.mx\/portal\/wp-json\/wp\/v2\/product_cat?post=215"},{"taxonomy":"product_tag","embeddable":true,"href":"https:\/\/corpodynamix.com.mx\/portal\/wp-json\/wp\/v2\/product_tag?post=215"}],"curies":[{"name":"wp","href":"https:\/\/api.w.org\/{rel}","templated":true}]}}