{"id":225,"date":"2026-02-05T23:02:37","date_gmt":"2026-02-06T05:02:37","guid":{"rendered":"https:\/\/corpodynamix.com.mx\/portal\/?post_type=product&#038;p=225"},"modified":"2026-02-05T23:02:37","modified_gmt":"2026-02-06T05:02:37","slug":"seo-posicionamiento-organico","status":"publish","type":"product","link":"https:\/\/corpodynamix.com.mx\/portal\/producto\/seo-posicionamiento-organico\/","title":{"rendered":"SEO posicionamiento org\u00e1nico"},"content":{"rendered":"<section class=\"elementor-section elementor-top-section elementor-element elementor-element-9e032ca elementor-section-content-middle elementor-reverse-mobile elementor-section-boxed elementor-section-height-default elementor-section-height-default\" data-id=\"9e032ca\" data-element_type=\"section\">\n<div class=\"elementor-container elementor-column-gap-default\">\n<div class=\"elementor-column elementor-col-50 elementor-top-column elementor-element elementor-element-ee72873\" data-id=\"ee72873\" data-element_type=\"column\">\n<div class=\"elementor-widget-wrap elementor-element-populated\">\n<div class=\"elementor-element elementor-element-2da60925 elementor-widget elementor-widget-heading\" data-id=\"2da60925\" data-element_type=\"widget\" data-widget_type=\"heading.default\">\n<div class=\"elementor-widget-container\">\n<h5 class=\"elementor-heading-title elementor-size-small\"><span style=\"color: #0000ff;\">Con Google Ads<\/span> conseguir\u00e1s la publicidad en internet m\u00e1s r\u00e1pida. Aparecer\u00e1s en el buscador de Google desde el primer d\u00eda en la primer hoja de b\u00fasqueda y sitios de display.<\/h5>\n<\/div>\n<\/div>\n<div class=\"elementor-element elementor-element-6db41976 elementor-drop-cap-yes elementor-drop-cap-view-default elementor-widget elementor-widget-text-editor\" data-id=\"6db41976\" data-element_type=\"widget\" data-settings=\"{&quot;drop_cap&quot;:&quot;yes&quot;}\" data-widget_type=\"text-editor.default\">\n<div class=\"elementor-widget-container\">\n<h5><strong>Google se ha convertido en uno de los principales buscadores, por lo que para quienes desean promover su negocio mediante el marketing online,<\/strong><br \/>\n<strong>este es el asunto de mayor inter\u00e9s. Por eso, el punto clave es: \u00bfc\u00f3mo hacer publicidad en Google? Necesitas una agencia Google Ads, un experto que te permita sacar el m\u00e1ximo partido de esta gran herramienta de marketing digital, ubicando tu negocio en los primeros resultados de los motores de b\u00fasqueda desde el primer d\u00eda.<\/strong><\/h5>\n<\/div>\n<\/div>\n<\/div>\n<\/div>\n<div class=\"elementor-column elementor-col-50 elementor-top-column elementor-element elementor-element-4c647ebe\" data-id=\"4c647ebe\" data-element_type=\"column\">\n<div class=\"elementor-widget-wrap elementor-element-populated\">\n<div class=\"elementor-element elementor-element-41016aef elementor-widget elementor-widget-image\" data-id=\"41016aef\" data-element_type=\"widget\" data-widget_type=\"image.default\">\n<div class=\"elementor-widget-container\"><\/div>\n<\/div>\n<\/div>\n<\/div>\n<\/div>\n<\/section>\n<section class=\"elementor-section elementor-top-section elementor-element elementor-element-284693f6 elementor-section-content-middle elementor-section-boxed elementor-section-height-default elementor-section-height-default\" data-id=\"284693f6\" data-element_type=\"section\">\n<div class=\"elementor-container elementor-column-gap-default\">\n<div class=\"elementor-column elementor-col-50 elementor-top-column elementor-element elementor-element-68d70b8a\" data-id=\"68d70b8a\" data-element_type=\"column\">\n<div class=\"elementor-widget-wrap elementor-element-populated\">\n<div class=\"elementor-element elementor-element-6ddf2504 elementor-widget elementor-widget-image\" data-id=\"6ddf2504\" data-element_type=\"widget\" data-widget_type=\"image.default\">\n<div class=\"elementor-widget-container\"><\/div>\n<\/div>\n<\/div>\n<\/div>\n<div class=\"elementor-column elementor-col-50 elementor-top-column elementor-element elementor-element-30c6a117\" data-id=\"30c6a117\" data-element_type=\"column\">\n<div class=\"elementor-widget-wrap elementor-element-populated\">\n<div class=\"elementor-element elementor-element-e8305a7 elementor-widget elementor-widget-heading\" data-id=\"e8305a7\" data-element_type=\"widget\" data-widget_type=\"heading.default\">\n<div class=\"elementor-widget-container\">\n<h3 class=\"elementor-heading-title elementor-size-default\"><span style=\"color: #ff0000;\">ATRAE M\u00c1S CLIENTES Y LLEGA A LAS PERSONAS ADECUADAS EN EL MOMENTO EXACTO<\/span><\/h3>\n<\/div>\n<\/div>\n<div class=\"elementor-element elementor-element-1b28f1fd elementor-widget elementor-widget-text-editor\" data-id=\"1b28f1fd\" data-element_type=\"widget\" data-widget_type=\"text-editor.default\">\n<div class=\"elementor-widget-container\">\n<h5><strong>La publicidad en linea tiene su inicia mediante campa\u00f1as. Existen varios tipos, como la red de b\u00fasquedas, el display Google Ads entre otras. Para elegir las m\u00e1s convenientes para ti, necesitas contar con un especialista en campa\u00f1as Google, con quien puedas recibir orientaci\u00f3n correcta para seleccionar la que est\u00e9 de acuerdo con tus objetivos publicitarios.\u00a0<\/strong><\/h5>\n<h5><strong>Tendr\u00e1s m\u00e1s visitas en tu sitio web, aumentar\u00e1s las ventas online y recibir\u00e1s m\u00e1s llamadas. Porque estar\u00e1s a la vista, las personas llegar\u00e1n a tu negocio cuando busquen en Google lo que t\u00fa ofreces. As\u00ed, gracias a tu posicionamiento en Google Ads, estar\u00e1s ganando clientes potenciales para que alcances lo mejor de tu inversi\u00f3n desde el primer d\u00eda.<\/strong><\/h5>\n<\/div>\n<\/div>\n<\/div>\n<\/div>\n<\/div>\n<\/section>\n<section class=\"elementor-section elementor-top-section elementor-element elementor-element-59cef7dc elementor-section-content-middle elementor-reverse-mobile elementor-section-boxed elementor-section-height-default elementor-section-height-default\" data-id=\"59cef7dc\" data-element_type=\"section\">\n<div class=\"elementor-container elementor-column-gap-default\">\n<div class=\"elementor-column elementor-col-50 elementor-top-column elementor-element elementor-element-4954a881\" data-id=\"4954a881\" data-element_type=\"column\">\n<div class=\"elementor-widget-wrap elementor-element-populated\">\n<div class=\"elementor-element elementor-element-32596a8b elementor-widget elementor-widget-heading\" data-id=\"32596a8b\" data-element_type=\"widget\" data-widget_type=\"heading.default\">\n<div class=\"elementor-widget-container\">\n<h3 class=\"elementor-heading-title elementor-size-default\"><span style=\"color: #ff0000;\">AUMENTA TU N\u00daMERO DE CLIENTES<\/span><\/h3>\n<\/div>\n<\/div>\n<div class=\"elementor-element elementor-element-1a3a6014 elementor-widget elementor-widget-text-editor\" data-id=\"1a3a6014\" data-element_type=\"widget\" data-widget_type=\"text-editor.default\">\n<div class=\"elementor-widget-container\">\n<h5><strong>Mientras la competencia sigue esforz\u00e1ndose por alcanzar un posicionamiento en los buscadores, tu negocio tiene garantizado estar en el primer lugar de b\u00fasqueda en Google desde el primer momento de inversi\u00f3n de tu publicidad. Como una agencia\u00a0 especialista en Google Ads, te ofrecemos el mejor posicionamiento\u00a0 para que t\u00fa publicidad en Ads te genere el mejor resultado que necesitas en tu negocio de la forma m\u00e1s sencilla para ti<\/strong><\/h5>\n<\/div>\n<\/div>\n<\/div>\n<\/div>\n<div class=\"elementor-column elementor-col-50 elementor-top-column elementor-element elementor-element-483c45d0\" data-id=\"483c45d0\" data-element_type=\"column\">\n<div class=\"elementor-widget-wrap elementor-element-populated\">\n<div class=\"elementor-element elementor-element-6754df6d elementor-widget elementor-widget-image\" data-id=\"6754df6d\" data-element_type=\"widget\" data-widget_type=\"image.default\">\n<div class=\"elementor-widget-container\"><\/div>\n<\/div>\n<\/div>\n<\/div>\n<\/div>\n<\/section>\n<section class=\"elementor-section elementor-top-section elementor-element elementor-element-d0bd7a9 elementor-section-boxed elementor-section-height-default elementor-section-height-default\" data-id=\"d0bd7a9\" data-element_type=\"section\">\n<div class=\"elementor-container elementor-column-gap-default\">\n<div class=\"elementor-column elementor-col-50 elementor-top-column elementor-element elementor-element-7044aef\" data-id=\"7044aef\" data-element_type=\"column\">\n<div class=\"elementor-widget-wrap elementor-element-populated\">\n<div class=\"elementor-element elementor-element-2c253c2 elementor-widget elementor-widget-text-editor\" data-id=\"2c253c2\" data-element_type=\"widget\" data-widget_type=\"text-editor.default\">\n<div class=\"elementor-widget-container\">\n<p><strong><em>RESUMEN DE VENTAJAS Y BENEFICIOS EN CAMPA\u00d1A DE POSICIONAMIENTO WEB Y SEO\u00a0<\/em><\/strong><strong><em>GOOGLE YAHOO<\/em><\/strong><\/p>\n<h6><strong><em>\u00a0<\/em><\/strong><strong><em>El Prop\u00f3sito y Compromiso de<\/em><\/strong><strong><em>\u00a0Corpodynamix<\/em><\/strong><strong><em>\u00a0es Proporcionar a sus Clientes Campa\u00f1as de Publicidad en los mas importantes buscadores de Internet GOOGLE y YAHOO, proyectando y enviando su mensaje a su Mercado Consumidor, el resultado ser\u00e1 sin duda el retorno de su inversi\u00f3n a muy corto plazo, buscando que sus utilidades se incrementen estimulando e impulsando el crecimiento de su Empresa, Industria o Comercio.<\/em><\/strong><\/h6>\n<h6><strong><em>\u00a0<\/em><\/strong><strong><em>**<\/em><\/strong><em>Detectar, analizar y cubrir las principales necesidades de proyecci\u00f3n de su Empresa, como Imagen, Presencia, Penetraci\u00f3n de Mercado, y Conocimiento de Marca<\/em><\/h6>\n<h6><em>\u00a0<\/em><strong><em>**<\/em><\/strong><em>Creaci\u00f3n y Desarrollo de Campa\u00f1a de Publicidad Patrocinada en los Buscadores indiscutiblemente mas Importantes\u00a0<\/em><strong><em>GOOGLE y YAHOO<\/em><\/strong><\/h6>\n<h6><strong><em>\u00a0<\/em><\/strong><strong><em>**<\/em><\/strong><strong><em>Creacion de Campa\u00f1as para en Posicionamiento Organico SEO en GOOGLE, Dise\u00f1o, Creacion y Optimizacion de Paginas Web\u00a0\u00a0\u00a0\u00a0 (Inversion Adicional)<\/em><\/strong><\/h6>\n<h6><em>\u00a0<\/em><strong><em>**<\/em><\/strong><strong><em>I<\/em><\/strong><em>nvestigaci\u00f3n y An\u00e1lisis de Palabras o Frases Clave Relevantes de acuerdo a su Giro, por medio del sistema de los<\/em><em>\u00a0Motores de b\u00fasqueda de\u00a0<strong>GOOGLE y YAHOO. (10 Palabras Clave)<\/strong><\/em><\/h6>\n<h6><em>\u00a0<\/em><strong><em>**<\/em><\/strong><strong><em>Garant\u00eda de participar<\/em><\/strong><em>\u00a0en\u00a0<strong>las<\/strong>\u00a0<strong>03<\/strong>\u00a0<strong>Primeras posiciones<\/strong>\u00a0<strong>de la primera p\u00e1gina de los Buscadores<\/strong><\/em><\/h6>\n<h6><em>\u00a0<\/em><strong><em>**<\/em><\/strong><em>Segmentaci\u00f3n de Campa\u00f1a a\u00a0<strong>Nivel Nacional, Regional o Local de acuerdo a sus<\/strong><\/em><\/h6>\n<h6><strong><em>Necesidades de cobertura<\/em><\/strong><\/h6>\n<h6><em>.<\/em><strong><em>\u00a0Sus campa\u00f1as\u00a0<\/em><\/strong><em>podr\u00e1n<\/em><strong><em> ser visibles en Equipos M\u00f3viles y de escritorio<\/em><\/strong><\/h6>\n<h6><strong><em>\u00a0<\/em><\/strong><strong><em>**<\/em><\/strong><strong><em>Dispositivos M\u00f3viles (IPad, iPhone en todos los sistema Operativos<\/em><\/strong><strong><em>***<\/em><\/strong><\/h6>\n<h6><strong><em>\u00a0<\/em><\/strong><\/h6>\n<\/div>\n<\/div>\n<\/div>\n<\/div>\n<\/div>\n<\/section>\n","protected":false},"excerpt":{"rendered":"<section class=\"elementor-section elementor-top-section elementor-element elementor-element-9e032ca elementor-section-content-middle elementor-reverse-mobile elementor-section-boxed elementor-section-height-default elementor-section-height-default\" data-id=\"9e032ca\" data-element_type=\"section\">\n<div class=\"elementor-container elementor-column-gap-default\">\n<div class=\"elementor-column elementor-col-50 elementor-top-column elementor-element elementor-element-ee72873\" data-id=\"ee72873\" data-element_type=\"column\">\n<div class=\"elementor-widget-wrap elementor-element-populated\">\n<div class=\"elementor-element elementor-element-2da60925 elementor-widget elementor-widget-heading\" data-id=\"2da60925\" data-element_type=\"widget\" data-widget_type=\"heading.default\">\n<div class=\"elementor-widget-container\">\n<h5 class=\"elementor-heading-title elementor-size-small\"><span style=\"color: #0000ff;\">Con Google Ads<\/span> conseguir\u00e1s la publicidad en internet m\u00e1s r\u00e1pida. Aparecer\u00e1s en el buscador de Google desde el primer d\u00eda en la primer hoja de b\u00fasqueda y sitios de display.<\/h5>\n<\/div>\n<\/div>\n<div class=\"elementor-element elementor-element-6db41976 elementor-drop-cap-yes elementor-drop-cap-view-default elementor-widget elementor-widget-text-editor\" data-id=\"6db41976\" data-element_type=\"widget\" data-settings=\"{&quot;drop_cap&quot;:&quot;yes&quot;}\" data-widget_type=\"text-editor.default\">\n<div class=\"elementor-widget-container\">\n<h5><strong>Google se ha convertido en uno de los principales buscadores, por lo que para quienes desean promover su negocio mediante el marketing online,<\/strong><br \/>\n<strong>este es el asunto de mayor inter\u00e9s. Por eso, el punto clave es: \u00bfC\u00f3mo hacer publicidad en Google? Necesitas una agencia Google Ads, un experto que te permita sacar el m\u00e1ximo partido de esta gran herramienta de marketing digital, ubicando tu negocio en los primeros resultados de los motores de b\u00fasqueda desde el primer d\u00eda.<\/strong><\/h5>\n<\/div>\n<\/div>\n<\/div>\n<\/div>\n<div class=\"elementor-column elementor-col-50 elementor-top-column elementor-element elementor-element-4c647ebe\" data-id=\"4c647ebe\" data-element_type=\"column\">\n<div class=\"elementor-widget-wrap elementor-element-populated\">\n<div class=\"elementor-element elementor-element-41016aef elementor-widget elementor-widget-image\" data-id=\"41016aef\" data-element_type=\"widget\" data-widget_type=\"image.default\">\n<div class=\"elementor-widget-container\"><span style=\"color: #ff0000;\">ATRAE M\u00c1S CLIENTES Y LLEGA A LAS PERSONAS ADECUADAS EN EL MOMENTO EXACTO<\/span><\/div>\n<\/div>\n<\/div>\n<\/div>\n<\/div>\n<\/section>\n<section class=\"elementor-section elementor-top-section elementor-element elementor-element-284693f6 elementor-section-content-middle elementor-section-boxed elementor-section-height-default elementor-section-height-default\" data-id=\"284693f6\" data-element_type=\"section\">\n<div class=\"elementor-container elementor-column-gap-default\">\n<div class=\"elementor-column elementor-col-50 elementor-top-column elementor-element elementor-element-30c6a117\" data-id=\"30c6a117\" data-element_type=\"column\">\n<div class=\"elementor-widget-wrap elementor-element-populated\">\n<div class=\"elementor-element elementor-element-1b28f1fd elementor-widget elementor-widget-text-editor\" data-id=\"1b28f1fd\" data-element_type=\"widget\" data-widget_type=\"text-editor.default\">\n<div class=\"elementor-widget-container\">\n<h5><strong>La publicidad en linea tiene su inicia mediante campa\u00f1as. Existen varios tipos, como la red de b\u00fasquedas, el display Google Ads entre otras. Para elegir las m\u00e1s convenientes para ti, necesitas contar con un especialista en campa\u00f1as Google, con quien puedas recibir orientaci\u00f3n correcta para seleccionar la que est\u00e9 de acuerdo con tus objetivos publicitarios.\u00a0<\/strong><\/h5>\n<h5><strong>Tendr\u00e1s m\u00e1s visitas en tu sitio web, aumentar\u00e1s las ventas online y recibir\u00e1s m\u00e1s llamadas. Porque estar\u00e1s a la vista, las personas llegar\u00e1n a tu negocio cuando busquen en Google lo que t\u00fa ofreces. As\u00ed, gracias a tu posicionamiento en Google Ads, estar\u00e1s ganando clientes potenciales para que alcances lo mejor de tu inversi\u00f3n desde el primer d\u00eda.<\/strong><\/h5>\n<\/div>\n<\/div>\n<\/div>\n<\/div>\n<\/div>\n<\/section>\n<section class=\"elementor-section elementor-top-section elementor-element elementor-element-59cef7dc elementor-section-content-middle elementor-reverse-mobile elementor-section-boxed elementor-section-height-default elementor-section-height-default\" data-id=\"59cef7dc\" data-element_type=\"section\">\n<div class=\"elementor-container elementor-column-gap-default\">\n<div class=\"elementor-column elementor-col-50 elementor-top-column elementor-element elementor-element-4954a881\" data-id=\"4954a881\" data-element_type=\"column\">\n<div class=\"elementor-widget-wrap elementor-element-populated\">\n<div class=\"elementor-element elementor-element-32596a8b elementor-widget elementor-widget-heading\" data-id=\"32596a8b\" data-element_type=\"widget\" data-widget_type=\"heading.default\">\n<div class=\"elementor-widget-container\">\n<h3 class=\"elementor-heading-title elementor-size-default\"><span style=\"color: #ff0000;\">AUMENTA TU N\u00daMERO DE CLIENTES<\/span><\/h3>\n<\/div>\n<\/div>\n<div class=\"elementor-element elementor-element-1a3a6014 elementor-widget elementor-widget-text-editor\" data-id=\"1a3a6014\" data-element_type=\"widget\" data-widget_type=\"text-editor.default\">\n<div class=\"elementor-widget-container\">\n<h5><strong>Mientras la competencia sigue esforz\u00e1ndose por alcanzar un posicionamiento en los buscadores, tu negocio tiene garantizado estar en el primer lugar de b\u00fasqueda en Google desde el primer momento de inversi\u00f3n de tu publicidad. Como una agencia\u00a0 especialista en Google Ads, te ofrecemos el mejor posicionamiento\u00a0 para que t\u00fa publicidad en Ads te genere el mejor resultado que necesitas en tu negocio de la forma m\u00e1s sencilla para ti<\/strong><\/h5>\n<\/div>\n<\/div>\n<\/div>\n<\/div>\n<div class=\"elementor-column elementor-col-50 elementor-top-column elementor-element elementor-element-483c45d0\" data-id=\"483c45d0\" data-element_type=\"column\">\n<div class=\"elementor-widget-wrap elementor-element-populated\">\n<div class=\"elementor-element elementor-element-6754df6d elementor-widget elementor-widget-image\" data-id=\"6754df6d\" data-element_type=\"widget\" data-widget_type=\"image.default\">\n<div class=\"elementor-widget-container\"><\/div>\n<\/div>\n<\/div>\n<\/div>\n<\/div>\n<\/section>\n<section class=\"elementor-section elementor-top-section elementor-element elementor-element-d0bd7a9 elementor-section-boxed elementor-section-height-default elementor-section-height-default\" data-id=\"d0bd7a9\" data-element_type=\"section\">\n<div class=\"elementor-container elementor-column-gap-default\">\n<div class=\"elementor-column elementor-col-50 elementor-top-column elementor-element elementor-element-7044aef\" data-id=\"7044aef\" data-element_type=\"column\">\n<div class=\"elementor-widget-wrap elementor-element-populated\">\n<div class=\"elementor-element elementor-element-2c253c2 elementor-widget elementor-widget-text-editor\" data-id=\"2c253c2\" data-element_type=\"widget\" data-widget_type=\"text-editor.default\">\n<div class=\"elementor-widget-container\">\n<p><strong><em>RESUMEN DE VENTAJAS Y BENEFICIOS EN CAMPA\u00d1A DE POSICIONAMIENTO WEB Y SEO\u00a0<\/em><\/strong><strong><em>GOOGLE YAHOO<\/em><\/strong><\/p>\n<h6><strong><em>\u00a0<\/em><\/strong><strong><em>El Prop\u00f3sito y Compromiso de<\/em><\/strong><strong><em>\u00a0Corpodynamix<\/em><\/strong><strong><em>\u00a0es Proporcionar a sus Clientes Campa\u00f1as de Publicidad en los mas importantes buscadores de Internet GOOGLE y YAHOO, proyectando y enviando su mensaje a su Mercado Consumidor, el resultado ser\u00e1 sin duda el retorno de su inversi\u00f3n a muy corto plazo, buscando que sus utilidades se incrementen estimulando e impulsando el crecimiento de su Empresa, Industria o Comercio.<\/em><\/strong><\/h6>\n<h6><strong><em>\u00a0<\/em><\/strong><strong><em>**<\/em><\/strong><em>Detectar, analizar y cubrir las principales necesidades de proyecci\u00f3n de su Empresa, como Imagen, Presencia, Penetraci\u00f3n de Mercado, y Conocimiento de Marca<\/em><\/h6>\n<h6><em>\u00a0<\/em><strong><em>**<\/em><\/strong><em>Creaci\u00f3n y Desarrollo de Campa\u00f1a de Publicidad Patrocinada en los Buscadores indiscutiblemente mas Importantes\u00a0<\/em><strong><em>GOOGLE y YAHOO<\/em><\/strong><\/h6>\n<h6><strong><em>\u00a0<\/em><\/strong><strong><em>**<\/em><\/strong><strong><em>Creacion de Campa\u00f1as para en Posicionamiento Organico SEO en GOOGLE, Dise\u00f1o, Creacion y Optimizacion de Paginas Web\u00a0\u00a0\u00a0\u00a0 (Inversion Adicional)<\/em><\/strong><\/h6>\n<h6><em>\u00a0<\/em><strong><em>**<\/em><\/strong><strong><em>I<\/em><\/strong><em>nvestigaci\u00f3n y An\u00e1lisis de Palabras o Frases Clave Relevantes de acuerdo a su Giro, por medio del sistema de los<\/em><em>\u00a0Motores de b\u00fasqueda de\u00a0<strong>GOOGLE y YAHOO. (10 Palabras Clave)<\/strong><\/em><\/h6>\n<h6><em>\u00a0<\/em><strong><em>**<\/em><\/strong><strong><em>Garant\u00eda de participar<\/em><\/strong><em>\u00a0en\u00a0<strong>las<\/strong>\u00a0<strong>03<\/strong>\u00a0<strong>Primeras posiciones<\/strong>\u00a0<strong>de la primera p\u00e1gina de los Buscadores<\/strong><\/em><\/h6>\n<h6><em>\u00a0<\/em><strong><em>**<\/em><\/strong><em>Segmentaci\u00f3n de Campa\u00f1a a\u00a0<strong>Nivel Nacional, Regional o Local de acuerdo a sus<\/strong><\/em><\/h6>\n<h6><strong><em>Necesidades de cobertura<\/em><\/strong><\/h6>\n<h6><em>.<\/em><strong><em>\u00a0Sus campa\u00f1as\u00a0<\/em><\/strong><em>podr\u00e1n<\/em><strong><em> ser visibles en Equipos M\u00f3viles y de escritorio<\/em><\/strong><\/h6>\n<h6><strong><em>\u00a0<\/em><\/strong><strong><em>**<\/em><\/strong><strong><em>Dispositivos M\u00f3viles (IPad, iPhone en todos los sistema Operativos<\/em><\/strong><strong><em>***<\/em><\/strong><\/h6>\n<div class=\"elementor-column elementor-col-50 elementor-top-column elementor-element elementor-element-ee72873\" data-id=\"ee72873\" data-element_type=\"column\">\n<div class=\"elementor-widget-wrap elementor-element-populated\">\n<div class=\"elementor-element elementor-element-6db41976 elementor-drop-cap-yes elementor-drop-cap-view-default elementor-widget elementor-widget-text-editor\" data-id=\"6db41976\" data-element_type=\"widget\" data-settings=\"{&quot;drop_cap&quot;:&quot;yes&quot;}\" data-widget_type=\"text-editor.default\">\n<div class=\"elementor-widget-container\">\n<p><span style=\"color: #000080;\">Una vez hecha su compra comun\u00edquese a atenci\u00f3n a clientes con su comprobante y m\u00e1ndelo x <span style=\"color: #008000;\">WhatsApp<\/span> al 55 1638-7162 indique la p\u00e1gina web que dese se aplique el SEO y en su caso ver ,os detalles de operaci\u00f3n de su sitio y redes sociales.<\/span><\/p>\n<\/div>\n<\/div>\n<\/div>\n<\/div>\n<div class=\"elementor-column elementor-col-50 elementor-top-column elementor-element elementor-element-4c647ebe\" data-id=\"4c647ebe\" data-element_type=\"column\">\n<div class=\"elementor-widget-wrap elementor-element-populated\">\n<div class=\"elementor-element elementor-element-41016aef elementor-widget elementor-widget-image\" data-id=\"41016aef\" data-element_type=\"widget\" data-widget_type=\"image.default\">\n<div class=\"elementor-widget-container\"><\/div>\n<\/div>\n<\/div>\n<\/div>\n<\/div>\n<\/div>\n<\/div>\n<\/div>\n<\/div>\n<\/section>\n","protected":false},"featured_media":223,"template":"","meta":[],"product_brand":[31],"product_cat":[34],"product_tag":[41,40],"class_list":{"0":"post-225","1":"product","2":"type-product","3":"status-publish","4":"has-post-thumbnail","6":"product_brand-corpodynamix","7":"product_cat-publicidad","8":"product_tag-posicionamiento","9":"product_tag-seo","11":"first","12":"instock","13":"sale","14":"virtual","15":"taxable","16":"purchasable","17":"product-type-simple"},"_links":{"self":[{"href":"https:\/\/corpodynamix.com.mx\/portal\/wp-json\/wp\/v2\/product\/225","targetHints":{"allow":["GET"]}}],"collection":[{"href":"https:\/\/corpodynamix.com.mx\/portal\/wp-json\/wp\/v2\/product"}],"about":[{"href":"https:\/\/corpodynamix.com.mx\/portal\/wp-json\/wp\/v2\/types\/product"}],"wp:featuredmedia":[{"embeddable":true,"href":"https:\/\/corpodynamix.com.mx\/portal\/wp-json\/wp\/v2\/media\/223"}],"wp:attachment":[{"href":"https:\/\/corpodynamix.com.mx\/portal\/wp-json\/wp\/v2\/media?parent=225"}],"wp:term":[{"taxonomy":"product_brand","embeddable":true,"href":"https:\/\/corpodynamix.com.mx\/portal\/wp-json\/wp\/v2\/product_brand?post=225"},{"taxonomy":"product_cat","embeddable":true,"href":"https:\/\/corpodynamix.com.mx\/portal\/wp-json\/wp\/v2\/product_cat?post=225"},{"taxonomy":"product_tag","embeddable":true,"href":"https:\/\/corpodynamix.com.mx\/portal\/wp-json\/wp\/v2\/product_tag?post=225"}],"curies":[{"name":"wp","href":"https:\/\/api.w.org\/{rel}","templated":true}]}}